{"id":2791,"date":"2022-01-29T18:41:01","date_gmt":"2022-01-29T17:41:01","guid":{"rendered":"https:\/\/www.maypebus.com\/avis-legal\/"},"modified":"2024-07-31T17:10:51","modified_gmt":"2024-07-31T15:10:51","slug":"avis-legal","status":"publish","type":"page","link":"https:\/\/www.maypebus.com\/ca\/avis-legal\/","title":{"rendered":"Av\u00eds legal"},"content":{"rendered":"<div class=\"fusion-fullwidth fullwidth-box fusion-builder-row-1 fusion-flex-container nonhundred-percent-fullwidth non-hundred-percent-height-scrolling\" style=\"background-color: rgba(255,255,255,0);background-position: center center;background-repeat: no-repeat;border-width: 0px 0px 0px 0px;border-color:#e2e2e2;border-style:solid;\" ><div class=\"fusion-builder-row fusion-row fusion-flex-align-items-flex-start\" style=\"max-width:1323px;margin-left: calc(-5% \/ 2 );margin-right: calc(-5% \/ 2 );\"><div class=\"fusion-layout-column fusion_builder_column fusion-builder-column-0 fusion_builder_column_1_1 1_1 fusion-flex-column\"><div class=\"fusion-column-wrapper fusion-flex-justify-content-flex-start fusion-content-layout-column\" style=\"background-position:left top;background-repeat:no-repeat;-webkit-background-size:cover;-moz-background-size:cover;-o-background-size:cover;background-size:cover;padding: 0px 0px 0px 0px;\"><div class=\"fusion-text fusion-text-1\"><h3>Av\u00eds legal<\/h3>\n<p>A fi de donar compliment a l\u2019article 10 de la Llei 34\/2002 de serveis de la societat de la informaci\u00f3 i del comer\u00e7 electr\u00f2nic, informem els usuaris de les nostres dades:<\/p>\n<p>Denominaci\u00f3 social: MAYPE, TAXIS I MICROBUSOS, S.L.<\/p>\n<p>Domicili social: Carrer Llu\u00eds Companys, 4, 17200, Palafrugell, Girona<\/p>\n<p>NIF: B17834839<\/p>\n<p>Tel\u00e8fon: 972963322<\/p>\n<p>Correu electr\u00f2nic: Info@maype.com<\/p>\n<p>Lloc web: www.maypebus.com<\/p>\n<p> Dades registrals: Registre mercantil de Girona full n\u00fam. GI-37368\/ foli 174 \/ tom 2232 del Llibre de societats.<\/p>\n<p>1.- OBJECTE<\/p>\n<p>MAYPE, TAXIS Y MICROBUSOS, S.L. (d\u2019ara endavant el prestador), com a responsable del lloc web, posa a disposici\u00f3 dels usuaris aquest document, que regula l\u2019\u00fas del lloc web www.maypebus.com a trav\u00e9s del qual volem donar compliment a les obligacions que disposa la Llei 34\/2002 de serveis de la societat de la informaci\u00f3 i del comer\u00e7 electr\u00f2nic (LSSICE o LSSI), aix\u00ed com informar tots els usuaris del lloc web de les condicions d\u2019\u00fas del lloc web.<\/p>\n<p>A trav\u00e9s del web, MAYPE, TAXIS Y MICROBUSOS, S.L. facilita als usuaris l\u2019acc\u00e9s i la utilitzaci\u00f3 de diferents serveis i continguts que es posen a disposici\u00f3.<\/p>\n<p>Tota persona que accedeixi a aquest web assumeix el paper d\u2019usuari (d\u2019ara endavant l\u2019usuari), i implica l\u2019acceptaci\u00f3 total i sense reserves de totes i cada una de les disposicions incloses en aquest av\u00eds legal, aix\u00ed com en qualsevol altra disposici\u00f3 legal que sigui d\u2019aplicaci\u00f3.<\/p>\n<p>Com a usuari, cal llegir atentament aquest av\u00eds legal sempre que s\u2019entri al web, ja que pot tenir modificacions, perqu\u00e8 el prestador es reserva el dret a modificar qualsevol tipus d\u2019informaci\u00f3 que hi pugui apar\u00e8ixer sense tenir l\u2019obligaci\u00f3 d\u2019avisar o posar en coneixement dels usuaris aquestes obligacions; n\u2019hi ha prou amb publicar-les al lloc web del prestador.<\/p>\n<p>2. CONDICIONS PER UTILITZAR EL WEB I ACCEDIR-HI<\/p>\n<p>2.1. Car\u00e0cter gratu\u00eft de l\u2019acc\u00e9s i \u00fas del web<\/p>\n<p>La prestaci\u00f3 dels serveis per part de MAYPE, TAXIS Y MICROBUSOS, S.L. t\u00e9 car\u00e0cter gratu\u00eft per a tots els usuaris. No obstant aix\u00f2, alguns dels serveis subministrats pel prestador a trav\u00e9s del web estan subjectes al pagament d\u2019un preu determinat a les condiciones generals de contractaci\u00f3.<\/p>\n<p>2.2. Registre de l\u2019usuari<\/p>\n<p>Amb car\u00e0cter general la prestaci\u00f3 dels serveis no exigeix la subscripci\u00f3 o el registre previs dels usuaris. Tanmateix, MAYPE, TAXIS Y MICROBUSOS, S.L. condiciona l\u2019\u00fas d\u2019alguns dels serveis a l\u2019emplenament previ del registre d\u2019usuari corresponent. Aquest registre s\u2019efectua en la forma indicada de manera expressa a la mateixa secci\u00f3 del servei.<\/p>\n<p>2.3. Veracitat de la informaci\u00f3<\/p>\n<p>Tota la informaci\u00f3 que facilita l\u2019usuari ha de ser ver\u00eddica. A aquests efectes, l\u2019usuari garanteix l\u2019autenticitat de les dades comunicades a trav\u00e9s dels formularis per subscriure els serveis. L\u2019usuari \u00e9s el responsable de mantenir tota la informaci\u00f3 facilitada a MAYPE, TAXIS Y MICROBUSOS, S.L. actualitzada permanentment de manera que respongui, en cada moment, a la seva situaci\u00f3 real. En tot cas, l\u2019usuari \u00e9s l\u2019\u00fanic responsable de les manifestacions falses o inexactes que realitzi i dels perjudicis que causi al prestador o a tercers.<\/p>\n<p>2.4. Menors d\u2019edat<\/p>\n<p>Per utilitzar els serveis, els menors d\u2019edat sempre han d\u2019obtenir pr\u00e8viament el consentiment dels pares, tutors o representants legals, responsables \u00faltims de tots els actes realitzats pels menors a c\u00e0rrec seu. La responsabilitat en la determinaci\u00f3 dels continguts concrets als quals accedeixen els menors correspon als pares. \u00c9s per aix\u00f2 que, si accedeixen a continguts no apropiats a Internet, s\u2019han d\u2019establir mecanismes als seus ordinadors, en particular programes inform\u00e0tics, filtres i bloquejos, que permetin limitar els continguts disponibles i, malgrat que no siguin infal\u00b7libles, s\u00f3n especialment \u00fatils per controlar i restringir els materials als quals poden accedir els menors.<\/p>\n<p>2.5. Obligaci\u00f3 de fer un \u00fas correcte del web<\/p>\n<p>L\u2019usuari es compromet a utilitzar el web de conformitat amb la llei i amb aquest av\u00eds, aix\u00ed com amb la moral i els bons costums. A aquest efecte, l\u2019usuari s\u2019abst\u00e9 d\u2019utilitzar la p\u00e0gina amb finalitats il\u00b7l\u00edcites o prohibides, lesives de drets i interessos de tercers, o que de qualsevol manera puguin malmetre, inutilitzar, sobrecarregar, deteriorar o impedir la utilitzaci\u00f3 normal d\u2019equips inform\u00e0tics o documents, arxius i tota classe de continguts emmagatzemats a qualsevol equip inform\u00e0tic del prestador.<\/p>\n<p>En particular, i a t\u00edtol indicatiu per\u00f2 no exhaustiu, l\u2019usuari es compromet a no transmetre, difondre o posar a disposici\u00f3 de tercers informacions, dades, continguts, missatges, gr\u00e0fics, dibuixos, arxius de so o imatge, fotografies, enregistraments, programari i, en general, qualsevol classe de material que:<\/p>\n<p>(a) contradigui, menyspre\u00ef o atempti contra els drets fonamentals i les llibertats p\u00fabliques reconegudes constitucionalment en tractats internacionals i en altres normes vigents;<\/p>\n<p>(b) indueixi, inciti o promogui actuacions delictives, denigrants, difamat\u00f2ries, violentes o, en general, contr\u00e0ries a la llei, a la moral i a l\u2019ordre p\u00fablic;<\/p>\n<p>(c) indueixi, inciti o promogui actuacions, actituds o pensaments discriminatoris per ra\u00f3 de sexe, ra\u00e7a, religi\u00f3, creences, edat o condici\u00f3;<\/p>\n<p>(d) sigui contrari al dret a l\u2019honor, a la intimitat personal o familiar o a la mateixa imatge de les persones;<\/p>\n<p>(i) perjudiqui de qualsevol forma la credibilitat del prestador o de tercers, i<\/p>\n<p>(f) constitueixi publicitat il\u00b7l\u00edcita, enganyosa o deslleial.<\/p>\n<p>3.- EXCLUSI\u00d3 DE GARANTIES I RESPONSABILITAT<\/p>\n<p>S\u2019eximeix el prestador de qualsevol tipus de responsabilitat derivada de la informaci\u00f3 publicada al nostre lloc web, sempre que aquesta informaci\u00f3 hagi estat manipulada o introdu\u00efda per un tercer ali\u00e8.<\/p>\n<p>Aquest web ha estat revisat i provat perqu\u00e8 funcioni correctament. En principi, se\u2019n pot garantir el funcionament correcte els 365 dies de l\u2019any, 24 hores al dia. Tanmateix, el prestador no descarta la possibilitat que hi hagin determinats errors de programaci\u00f3, o que succeeixin causes de for\u00e7a major, cat\u00e0strofes naturals, vagues o circumst\u00e0ncies semblants que facin impossible accedir a la p\u00e0gina web.<\/p>\n<p>MAYPE, TAXIS Y MICROBUSOS, S.L. no atorga cap garantia ni es fa responsable, en cap cas, dels danys i perjudicis de qualsevol naturalesa que puguin sorgir per la falta de disponibilitat, manteniment i funcionament efectiu del web o dels seus serveis i continguts; de l\u2019exist\u00e8ncia de virus, programes maliciosos o lesius en els continguts; de l\u2019\u00fas il\u00b7l\u00edcit, negligent, fraudulent o contrari a aquest av\u00eds legal i a les condicions d\u2019\u00fas, o de la falta de licitud, qualitat, fiabilitat, utilitat i disponibilitat dels serveis prestats per tercers i posats a disposici\u00f3 dels usuaris al lloc web.<\/p>\n<p>El prestador no es fa responsable sota cap concepte dels danys que puguin derivar de l\u2019\u00fas il\u00b7legal o indegut d\u2019aquesta p\u00e0gina web.<\/p>\n<p>4.- GALETES<\/p>\n<p>El lloc web del prestador pot utilitzar GALETES (petits arxius d\u2019informaci\u00f3 que el servidor envia a l\u2019ordinador de qui accedeix a la p\u00e0gina) per dur a terme determinades funcions que s\u00f3n considerades imprescindibles per al funcionament correcte i la visualitzaci\u00f3 del lloc web. Les galetes utilitzades tenen, en tot cas, car\u00e0cter temporal, amb l\u2019\u00fanica finalitat de fer m\u00e9s efica\u00e7 la navegaci\u00f3, i desapareixen en acabar la sessi\u00f3 de l\u2019usuari.<\/p>\n<p>En cap cas les galetes es poden utilitzar per recollir informaci\u00f3 de car\u00e0cter personal. Per a m\u00e9s informaci\u00f3, llegiu la nostra pol\u00edtica de galetes.<\/p>\n<p>5.- ENLLA\u00c7OS (LINKS)<\/p>\n<p>Des del lloc web \u00e9s possible que se us redirigeixi a continguts de webs terceres. Com que des del web no podem controlar sempre els continguts introdu\u00efts per tercers, MAYPE, TAXIS Y MICROBUSOS, S.L. no assumeix cap tipus de responsabilitat respecte d\u2019aquests continguts. En tot cas, el prestador manifesta que retirar\u00e0 qualsevol contingut que contravingui la legislaci\u00f3 nacional o internacional, la moral o l\u2019ordre p\u00fablic, i que retirar\u00e0 de manera immediata l\u2019encaminament a aquests llocs web i que posar\u00e0 en coneixement de les autoritats competents el contingut en q\u00fcesti\u00f3.<\/p>\n<p>El prestador no es responsabilitza de la informaci\u00f3 i els continguts emmagatzemats, a t\u00edtol enunciatiu per\u00f2 no limitatiu, en f\u00f2rums, xats, generadors de blogs, comentaris, xarxes socials o qualsevol altre mitj\u00e0 que permeti a tercers publicar continguts de forma independent a la p\u00e0gina web del prestador. Tanmateix i en compliment del que disposa l\u2019art. 11 i 16 de l\u2019LSSICE, el prestador es posa a disposici\u00f3 de tots els usuaris, autoritats i forces de seguretat, i ha de col\u00b7laborar de forma activa en la retirada o, quan sigui necessari, el bloqueig de tots aquells continguts que puguin afectar o contravenir la legislaci\u00f3 nacional, o internacional, els drets de tercers o la moral i l\u2019ordre p\u00fablic. En cas que l\u2019usuari consideri que pot existir algun contingut susceptible d\u2019aquesta classificaci\u00f3, cal que ho notifiqui de forma immediata a l\u2019administrador del lloc web.<\/p>\n<p>6.- PROTECCI\u00d3 DE DADES PERSONALS<\/p>\n<p>El prestador est\u00e0 totalment comprom\u00e8s a complir la normativa de protecci\u00f3 de dades personals i garanteix el compliment \u00edntegre de les obligacions disposades, aix\u00ed com la implementaci\u00f3 de les mesures de seguretat que estableixen el Reglament europeu de protecci\u00f3 de dades i la normativa espanyola de protecci\u00f3 de dades. Per a m\u00e9s informaci\u00f3, llegiu la nostra pol\u00edtica de privacitat.<\/p>\n<p>7.- XARXES SOCIALS<\/p>\n<p>Us informem que MAYPE, TAXIS Y MICROBUSOS, S.L. pot estar present a les xarxes socials. El tractament de les dades que els usuaris hi incloguin (fent-se seguidors del prestador a les xarxes socials o establint-hi qualsevol vincle o acci\u00f3 de connexi\u00f3 a trav\u00e9s d\u2019aquestes xarxes) es regeix per aquest apartat, aix\u00ed com per les condicions d\u2019\u00fas, les pol\u00edtiques de privacitat i les normatives d\u2019acc\u00e9s i \u00fas de les xarxes socials en q\u00fcesti\u00f3 i acceptades pr\u00e8viament per l\u2019usuari. MAYPE, TAXIS Y MICROBUSOS, S.L. tracta les vostres dades a fi d\u2019informar-vos de les activitats, productes o serveis del prestador a trav\u00e9s d\u2019aquestes xarxes socials, aix\u00ed com per a qualsevol altra finalitat que les normatives de les xarxes socials permetin, per\u00f2 no es fa responsable de les seves pol\u00edtiques de privacitat.<\/p>\n<p>Queda prohibida la publicaci\u00f3 de continguts:<\/p>\n<p>&#8211; Que siguin presumptament il\u00b7l\u00edcits per la normativa nacional, comunit\u00e0ria o internacional o que realitzin activitats presumptament il\u00b7l\u00edcites o contravinguin els principis de la bona fe.<\/p>\n<p>&#8211; Que atemptin contra els drets fonamentals de les persones, que faltin el respecte a la xarxa, que molestin o puguin generar opinions negatives en els nostres usuaris o tercers i, en general, qualsevol contingut que MAYPE, TAXIS Y MICROBUSOS, S.L. consideri no apropiat.<\/p>\n<p>&#8211; En general, que contravinguin els principis de legalitat, honradesa, responsabilitat, protecci\u00f3 de la dignitat humana, protecci\u00f3 de menors, protecci\u00f3 de l\u2019ordre p\u00fablic, protecci\u00f3 de la vida privada, protecci\u00f3 del consumidor i els drets de propietat intel\u00b7lectual i industrial.<\/p>\n<p>Aix\u00ed mateix, MAYPE, TAXIS Y MICROBUSOS, S.L. es reserva la potestat de retirar, sense previ av\u00eds, del lloc web o de la xarxa social corporativa aquells continguts que es considerin no apropiats.<\/p>\n<p>8. PROPIETAT INTEL\u00b7LECTUAL I INDUSTRIAL<\/p>\n<p>El lloc web, incloent-hi a t\u00edtol enunciatiu per\u00f2 no limitatiu la programaci\u00f3, l\u2019edici\u00f3, la compilaci\u00f3 i altres elements necessaris per al seu funcionament, els dissenys, els logotips, els textos, les fotografies i\/o els gr\u00e0fics s\u00f3n propietat del prestador o, en cas que sigui necessari, en disposa la llic\u00e8ncia o autoritzaci\u00f3 expressa dels autors. Tots els continguts del lloc web es troben protegits degudament per la normativa de propietat intel\u00b7lectual i industrial.<\/p>\n<p>Independentment de la finalitat per a la qual s\u2019hagin destinat, la reproducci\u00f3 total o parcial, l\u2019\u00fas, la distribuci\u00f3 i la comunicaci\u00f3 p\u00fablica requereixen l\u2019autoritzaci\u00f3 escrita pr\u00e8via per part del prestador. Qualsevol \u00fas no autoritzat pr\u00e8viament pel prestador es considera un incompliment greu dels drets de propietat intel\u00b7lectual o industrial de l\u2019autor.<\/p>\n<p>Els dissenys, logotips, textos o gr\u00e0fics aliens al prestador i que puguin apar\u00e8ixer al lloc web pertanyen als seus respectius propietaris, que s\u00f3n els responsables de qualsevol possible controv\u00e8rsia que pugui tenir lloc en aquest sentit. En tot cas, el prestador compta amb l\u2019autoritzaci\u00f3 expressa i pr\u00e8via dels seus propietaris.<\/p>\n<p>El prestador reconeix a favor dels seus titulars els corresponents drets de propietat industrial i intel\u00b7lectual, cosa que no implica que al lloc web es mencionin o apareguin aquests drets o alguna de les responsabilitats del prestador, ni tampoc cap mena de suport, patrocini o recomanaci\u00f3.<\/p>\n<p>Per dur a terme qualsevol tipus d\u2019observaci\u00f3 respecte de possibles incompliments dels drets de la propietat intel\u00b7lectual o industrial, aix\u00ed com sobre qualsevol dels continguts del lloc web, podeu fer-ho a trav\u00e9s del correu electr\u00f2nic indicat m\u00e9s amunt.<\/p>\n<p>9.- LLEI APLICABLE I JURISDICCI\u00d3<\/p>\n<p>Per resoldre les controv\u00e8rsies o q\u00fcestions relacionades amb aquesta p\u00e0gina web o les activitats que s\u2019hi desenvolupen, \u00e9s d\u2019aplicaci\u00f3 la legislaci\u00f3 espanyola, a la qual se sotmeten expressament les parts, i la compet\u00e8ncia per resoldre tots els conflictes relacionats o derivats del seu us correspon als jutjats i tribunals de Girona.<\/p>\n<\/div><\/div><style type=\"text\/css\">.fusion-body .fusion-builder-column-0{width:100% !important;margin-top : 0px;margin-bottom : 0px;}.fusion-builder-column-0 > .fusion-column-wrapper {padding-top : 0px !important;padding-right : 0px !important;margin-right : 2.375%;padding-bottom : 0px !important;padding-left : 0px !important;margin-left : 2.375%;}@media only screen and (max-width:1024px) {.fusion-body .fusion-builder-column-0{width:100% !important;}.fusion-builder-column-0 > .fusion-column-wrapper {margin-right : 2.375%;margin-left : 2.375%;}}@media only screen and (max-width:740px) {.fusion-body .fusion-builder-column-0{width:100% !important;}.fusion-builder-column-0 > .fusion-column-wrapper {margin-right : 2.375%;margin-left : 2.375%;}}<\/style><\/div><\/div><style type=\"text\/css\">.fusion-body .fusion-flex-container.fusion-builder-row-1{ padding-top : 0px;margin-top : 0px;padding-right : 0px;padding-bottom : 0px;margin-bottom : 0px;padding-left : 0px;}<\/style><\/div>\n","protected":false},"excerpt":{"rendered":"","protected":false},"author":3,"featured_media":0,"parent":0,"menu_order":0,"comment_status":"closed","ping_status":"closed","template":"","meta":{"footnotes":""},"class_list":["post-2791","page","type-page","status-publish","hentry"],"yoast_head":"<!-- This site is optimized with the Yoast SEO plugin v24.7 - https:\/\/yoast.com\/wordpress\/plugins\/seo\/ -->\n<title>Av\u00eds legal - Maype Bus<\/title>\n<meta name=\"description\" content=\"Consulta l&#039;Av\u00eds legal de Maype Bus.\" \/>\n<meta name=\"robots\" content=\"index, follow, max-snippet:-1, max-image-preview:large, max-video-preview:-1\" \/>\n<link rel=\"canonical\" href=\"https:\/\/www.maypebus.com\/ca\/avis-legal\/\" \/>\n<meta property=\"og:locale\" content=\"ca_ES\" \/>\n<meta property=\"og:type\" content=\"article\" \/>\n<meta property=\"og:title\" content=\"Av\u00eds legal - Maype Bus\" \/>\n<meta property=\"og:description\" content=\"Consulta l&#039;Av\u00eds legal de Maype Bus.\" \/>\n<meta property=\"og:url\" content=\"https:\/\/www.maypebus.com\/ca\/avis-legal\/\" \/>\n<meta property=\"og:site_name\" content=\"Maype Bus\" \/>\n<meta property=\"article:modified_time\" content=\"2024-07-31T15:10:51+00:00\" \/>\n<meta name=\"twitter:card\" content=\"summary_large_image\" \/>\n<meta name=\"twitter:label1\" content=\"Temps estimat de lectura\" \/>\n\t<meta name=\"twitter:data1\" content=\"10 minuts\" \/>\n<script type=\"application\/ld+json\" class=\"yoast-schema-graph\">{\"@context\":\"https:\/\/schema.org\",\"@graph\":[{\"@type\":\"WebPage\",\"@id\":\"https:\/\/www.maypebus.com\/ca\/avis-legal\/\",\"url\":\"https:\/\/www.maypebus.com\/ca\/avis-legal\/\",\"name\":\"Av\u00eds legal - Maype Bus\",\"isPartOf\":{\"@id\":\"https:\/\/www.maypebus.com\/ca\/#website\"},\"datePublished\":\"2022-01-29T17:41:01+00:00\",\"dateModified\":\"2024-07-31T15:10:51+00:00\",\"description\":\"Consulta l'Av\u00eds legal de Maype Bus.\",\"breadcrumb\":{\"@id\":\"https:\/\/www.maypebus.com\/ca\/avis-legal\/#breadcrumb\"},\"inLanguage\":\"ca\",\"potentialAction\":[{\"@type\":\"ReadAction\",\"target\":[\"https:\/\/www.maypebus.com\/ca\/avis-legal\/\"]}]},{\"@type\":\"BreadcrumbList\",\"@id\":\"https:\/\/www.maypebus.com\/ca\/avis-legal\/#breadcrumb\",\"itemListElement\":[{\"@type\":\"ListItem\",\"position\":1,\"name\":\"Portada\",\"item\":\"https:\/\/www.maypebus.com\/ca\/\"},{\"@type\":\"ListItem\",\"position\":2,\"name\":\"Av\u00eds legal\"}]},{\"@type\":\"WebSite\",\"@id\":\"https:\/\/www.maypebus.com\/ca\/#website\",\"url\":\"https:\/\/www.maypebus.com\/ca\/\",\"name\":\"Maype Bus\",\"description\":\"Servicio de transporte con conductor\",\"publisher\":{\"@id\":\"https:\/\/www.maypebus.com\/ca\/#organization\"},\"potentialAction\":[{\"@type\":\"SearchAction\",\"target\":{\"@type\":\"EntryPoint\",\"urlTemplate\":\"https:\/\/www.maypebus.com\/ca\/?s={search_term_string}\"},\"query-input\":{\"@type\":\"PropertyValueSpecification\",\"valueRequired\":true,\"valueName\":\"search_term_string\"}}],\"inLanguage\":\"ca\"},{\"@type\":\"Organization\",\"@id\":\"https:\/\/www.maypebus.com\/ca\/#organization\",\"name\":\"Maype Bus\",\"url\":\"https:\/\/www.maypebus.com\/ca\/\",\"logo\":{\"@type\":\"ImageObject\",\"inLanguage\":\"ca\",\"@id\":\"https:\/\/www.maypebus.com\/ca\/#\/schema\/logo\/image\/\",\"url\":\"https:\/\/www.maypebus.com\/wp-content\/uploads\/2021\/11\/logo.png\",\"contentUrl\":\"https:\/\/www.maypebus.com\/wp-content\/uploads\/2021\/11\/logo.png\",\"width\":258,\"height\":92,\"caption\":\"Maype Bus\"},\"image\":{\"@id\":\"https:\/\/www.maypebus.com\/ca\/#\/schema\/logo\/image\/\"}}]}<\/script>\n<!-- \/ Yoast SEO plugin. -->","yoast_head_json":{"title":"Av\u00eds legal - Maype Bus","description":"Consulta l'Av\u00eds legal de Maype Bus.","robots":{"index":"index","follow":"follow","max-snippet":"max-snippet:-1","max-image-preview":"max-image-preview:large","max-video-preview":"max-video-preview:-1"},"canonical":"https:\/\/www.maypebus.com\/ca\/avis-legal\/","og_locale":"ca_ES","og_type":"article","og_title":"Av\u00eds legal - Maype Bus","og_description":"Consulta l'Av\u00eds legal de Maype Bus.","og_url":"https:\/\/www.maypebus.com\/ca\/avis-legal\/","og_site_name":"Maype Bus","article_modified_time":"2024-07-31T15:10:51+00:00","twitter_card":"summary_large_image","twitter_misc":{"Temps estimat de lectura":"10 minuts"},"schema":{"@context":"https:\/\/schema.org","@graph":[{"@type":"WebPage","@id":"https:\/\/www.maypebus.com\/ca\/avis-legal\/","url":"https:\/\/www.maypebus.com\/ca\/avis-legal\/","name":"Av\u00eds legal - Maype Bus","isPartOf":{"@id":"https:\/\/www.maypebus.com\/ca\/#website"},"datePublished":"2022-01-29T17:41:01+00:00","dateModified":"2024-07-31T15:10:51+00:00","description":"Consulta l'Av\u00eds legal de Maype Bus.","breadcrumb":{"@id":"https:\/\/www.maypebus.com\/ca\/avis-legal\/#breadcrumb"},"inLanguage":"ca","potentialAction":[{"@type":"ReadAction","target":["https:\/\/www.maypebus.com\/ca\/avis-legal\/"]}]},{"@type":"BreadcrumbList","@id":"https:\/\/www.maypebus.com\/ca\/avis-legal\/#breadcrumb","itemListElement":[{"@type":"ListItem","position":1,"name":"Portada","item":"https:\/\/www.maypebus.com\/ca\/"},{"@type":"ListItem","position":2,"name":"Av\u00eds legal"}]},{"@type":"WebSite","@id":"https:\/\/www.maypebus.com\/ca\/#website","url":"https:\/\/www.maypebus.com\/ca\/","name":"Maype Bus","description":"Servicio de transporte con conductor","publisher":{"@id":"https:\/\/www.maypebus.com\/ca\/#organization"},"potentialAction":[{"@type":"SearchAction","target":{"@type":"EntryPoint","urlTemplate":"https:\/\/www.maypebus.com\/ca\/?s={search_term_string}"},"query-input":{"@type":"PropertyValueSpecification","valueRequired":true,"valueName":"search_term_string"}}],"inLanguage":"ca"},{"@type":"Organization","@id":"https:\/\/www.maypebus.com\/ca\/#organization","name":"Maype Bus","url":"https:\/\/www.maypebus.com\/ca\/","logo":{"@type":"ImageObject","inLanguage":"ca","@id":"https:\/\/www.maypebus.com\/ca\/#\/schema\/logo\/image\/","url":"https:\/\/www.maypebus.com\/wp-content\/uploads\/2021\/11\/logo.png","contentUrl":"https:\/\/www.maypebus.com\/wp-content\/uploads\/2021\/11\/logo.png","width":258,"height":92,"caption":"Maype Bus"},"image":{"@id":"https:\/\/www.maypebus.com\/ca\/#\/schema\/logo\/image\/"}}]}},"_links":{"self":[{"href":"https:\/\/www.maypebus.com\/ca\/wp-json\/wp\/v2\/pages\/2791","targetHints":{"allow":["GET"]}}],"collection":[{"href":"https:\/\/www.maypebus.com\/ca\/wp-json\/wp\/v2\/pages"}],"about":[{"href":"https:\/\/www.maypebus.com\/ca\/wp-json\/wp\/v2\/types\/page"}],"author":[{"embeddable":true,"href":"https:\/\/www.maypebus.com\/ca\/wp-json\/wp\/v2\/users\/3"}],"replies":[{"embeddable":true,"href":"https:\/\/www.maypebus.com\/ca\/wp-json\/wp\/v2\/comments?post=2791"}],"version-history":[{"count":3,"href":"https:\/\/www.maypebus.com\/ca\/wp-json\/wp\/v2\/pages\/2791\/revisions"}],"predecessor-version":[{"id":3107,"href":"https:\/\/www.maypebus.com\/ca\/wp-json\/wp\/v2\/pages\/2791\/revisions\/3107"}],"wp:attachment":[{"href":"https:\/\/www.maypebus.com\/ca\/wp-json\/wp\/v2\/media?parent=2791"}],"curies":[{"name":"wp","href":"https:\/\/api.w.org\/{rel}","templated":true}]}}