{"id":2829,"date":"2022-01-29T19:16:02","date_gmt":"2022-01-29T18:16:02","guid":{"rendered":"https:\/\/www.maypebus.com\/serveis\/trasllats\/"},"modified":"2024-07-31T17:14:00","modified_gmt":"2024-07-31T15:14:00","slug":"trasllats","status":"publish","type":"page","link":"https:\/\/www.maypebus.com\/ca\/serveis\/trasllats\/","title":{"rendered":"Trasllats"},"content":{"rendered":"<p><div class=\"fusion-fullwidth fullwidth-box fusion-builder-row-1 fusion-flex-container section-intro nonhundred-percent-fullwidth non-hundred-percent-height-scrolling\" style=\"background-color: rgba(255,255,255,0);background-position: center center;background-repeat: no-repeat;border-width: 0px 0px 0px 0px;border-color:#e2e2e2;border-style:solid;\" ><div class=\"fusion-builder-row fusion-row fusion-flex-align-items-flex-start fusion-flex-justify-content-center\" style=\"max-width:1323px;margin-left: calc(-5% \/ 2 );margin-right: calc(-5% \/ 2 );\"><div class=\"fusion-layout-column fusion_builder_column fusion-builder-column-0 fusion-flex-column\"><div class=\"fusion-column-wrapper fusion-flex-justify-content-flex-start fusion-content-layout-column\" style=\"background-position:left top;background-repeat:no-repeat;-webkit-background-size:cover;-moz-background-size:cover;-o-background-size:cover;background-size:cover;padding: 0px 0px 0px 0px;\"><style type=\"text\/css\">@media only screen and (max-width:1024px) {.fusion-title.fusion-title-1{margin-top:0px!important; margin-right:0px!important;margin-bottom:40px!important;margin-left:0px!important;}}@media only screen and (max-width:740px) {.fusion-title.fusion-title-1{margin-top:0px!important; margin-right:0px!important;margin-bottom:40px!important; margin-left:0px!important;}}<\/style><div class=\"fusion-title title fusion-title-1 fusion-sep-none fusion-title-text fusion-title-size-one\" style=\"margin-top:0px;margin-right:0px;margin-bottom:40px;margin-left:0px;\"><h1 class=\"title-heading-left fusion-responsive-typography-calculated\" style=\"margin:0;--fontSize:66;line-height:1.3;\"><h1>Trasllats<\/h1><\/h1><\/div><div class=\"fusion-separator\" style=\"align-self: center;margin-left: auto;margin-right: auto;margin-bottom:44px;width:100%;max-width:520px;\"><div class=\"fusion-separator-border sep-single sep-solid\" style=\"border-color:#fdb13e;border-top-width:1px;\"><\/div><\/div><div class=\"fusion-text fusion-text-1\" style=\"font-size:16px;line-height:1.56;\"><p style=\"text-align: center;\">Aconsegueix un viatge c\u00f2mode, puntual i segur per als teus viatges m\u00e9s recurrents.<\/p>\n<\/div><\/div><style type=\"text\/css\">.fusion-body .fusion-builder-column-0{width:65% !important;margin-top : 0px;margin-bottom : 0px;}.fusion-builder-column-0 > .fusion-column-wrapper {padding-top : 0px !important;padding-right : 0px !important;margin-right : 3.6538461538462%;padding-bottom : 0px !important;padding-left : 0px !important;margin-left : 3.6538461538462%;}@media only screen and (max-width:1024px) {.fusion-body .fusion-builder-column-0{width:100% !important;order : 0;}.fusion-builder-column-0 > .fusion-column-wrapper {margin-right : 2.375%;margin-left : 2.375%;}}@media only screen and (max-width:740px) {.fusion-body .fusion-builder-column-0{width:100% !important;order : 0;}.fusion-builder-column-0 > .fusion-column-wrapper {margin-right : 2.375%;margin-left : 2.375%;}}<\/style><\/div><\/div><style type=\"text\/css\">.fusion-body .fusion-flex-container.fusion-builder-row-1{ padding-top : 100px;margin-top : 0px;padding-right : 0px;padding-bottom : 100px;margin-bottom : 0px;padding-left : 0px;}@media only screen and (max-width:740px) {.fusion-body .fusion-flex-container.fusion-builder-row-1{ padding-top : 40px;padding-bottom : 65px;}}<\/style><\/div><div class=\"fusion-fullwidth fullwidth-box fusion-builder-row-2 fusion-flex-container section-info nonhundred-percent-fullwidth non-hundred-percent-height-scrolling fusion-animated\" style=\"background-color: #f4f4f4;background-position: center center;background-repeat: no-repeat;border-width: 0px 0px 0px 0px;border-color:#e2e2e2;border-style:solid;\" data-animationType=\"fadeInUp\" data-animationDuration=\"0.3\" data-animationOffset=\"top-into-view\" ><div class=\"fusion-builder-row fusion-row fusion-flex-align-items-flex-start fusion-flex-justify-content-center\" style=\"max-width:1323px;margin-left: calc(-5% \/ 2 );margin-right: calc(-5% \/ 2 );\"><div class=\"fusion-layout-column fusion_builder_column fusion-builder-column-1 fusion_builder_column_1_2 1_2 fusion-flex-column p-has-margin\"><div class=\"fusion-column-wrapper fusion-flex-justify-content-flex-start fusion-content-layout-column\" style=\"background-position:left top;background-repeat:no-repeat;-webkit-background-size:cover;-moz-background-size:cover;-o-background-size:cover;background-size:cover;padding: 0px 0px 0px 0px;\"><div class=\"fusion-text fusion-text-2 fusion-text-no-margin\" style=\"margin-bottom:2em;\"><p>Especialistes en trasllats de <strong>golf<\/strong>, <strong>neu<\/strong>, <strong>ciclisme<\/strong> i <strong>senderisme<\/strong>. Comptem amb els recursos necessaris per al despla\u00e7ament de grups i individuals amants del turisme actiu..<\/p>\n<p class=\"text-align-center font-scale-8 line-height-scale-3\"><strong>Des dels aeroports de Barcelona i Girona, ports i estacions de tren<\/strong> cap a qualsevol prov\u00edncia de Girona.<\/p>\n<p class=\"text-align-center font-scale-8 line-height-scale-3\">Reserva el teu viatge amb nosaltres des de <strong>qualsevol aeroport, port o estaci\u00f3<\/strong>, i rebr\u00e0s un servei puntual, personalitzat, professional i confortable.<\/p>\n<p class=\"text-align-center font-scale-8 line-height-scale-3\"><strong>Introdue\u00efx tota la informaci\u00f3<\/strong> sol\u00b7licitada al bot\u00f3 inferior per contactar amb nosaltres i demanar un pressupost personalitzat<\/p>\n<\/div><div ><style>.fusion-button.button-1{border-color:#fdb13e;border-width:1px 1px 1px 1px;border-radius:3px 3px 3px 3px;background:#fdb13e;}.fusion-button.button-1 .fusion-button-text,.fusion-button.button-1 i,.fusion-button.button-1:hover .fusion-button-text,.fusion-button.button-1:hover i,.fusion-button.button-1:focus .fusion-button-text,.fusion-button.button-1:focus i,.fusion-button.button-1:active .fusion-button-text,.fusion-button.button-1:active i{color:#100000;}.fusion-button.button-1:hover,.fusion-button.button-1:active,.fusion-button.button-1:focus{border-color:#fdb13e;border-width:1px 1px 1px 1px;background:#ffffff;}<\/style><a class=\"fusion-button button-flat fusion-button-default-size button-custom button-1 fusion-button-span-yes fusion-button-default-type\" target=\"_self\" href=\"https:\/\/www.maypebus.com\/ca\/sollicita-pressupost\/\"><span class=\"fusion-button-text\">SOL\u00b7LICITA UN PRESSUPOST PERSONALITZAT<\/span><\/a><\/div><\/div><style type=\"text\/css\">.fusion-body .fusion-builder-column-1{width:50% !important;margin-top : 0px;margin-bottom : 45px;}.fusion-builder-column-1 > .fusion-column-wrapper {padding-top : 0px !important;padding-right : 0px !important;margin-right : 4.75%;padding-bottom : 0px !important;padding-left : 0px !important;margin-left : 4.75%;}@media only screen and (max-width:1024px) {.fusion-body .fusion-builder-column-1{width:100% !important;order : 0;}.fusion-builder-column-1 > .fusion-column-wrapper {margin-right : 2.375%;margin-left : 2.375%;}}@media only screen and (max-width:740px) {.fusion-body .fusion-builder-column-1{width:100% !important;order : 0;}.fusion-builder-column-1 > .fusion-column-wrapper {margin-right : 2.375%;margin-left : 2.375%;}}<\/style><\/div><div class=\"fusion-layout-column fusion_builder_column fusion-builder-column-2 fusion_builder_column_1_2 1_2 fusion-flex-column\"><div class=\"fusion-column-wrapper fusion-flex-justify-content-flex-start fusion-content-layout-column\" style=\"background-position:left top;background-repeat:no-repeat;-webkit-background-size:cover;-moz-background-size:cover;-o-background-size:cover;background-size:cover;padding: 0px 0px 0px 0px;\"><div ><span class=\" fusion-imageframe imageframe-none imageframe-1 hover-type-none\"><img decoding=\"async\" width=\"796\" height=\"530\" title=\"transfer girona airport\" src=\"https:\/\/www.maypebus.com\/wp-content\/uploads\/2021\/12\/transfer-girona-airport.jpeg\" alt class=\"img-responsive wp-image-2699\" srcset=\"https:\/\/www.maypebus.com\/wp-content\/uploads\/2021\/12\/transfer-girona-airport-200x133.jpeg 200w, https:\/\/www.maypebus.com\/wp-content\/uploads\/2021\/12\/transfer-girona-airport-400x266.jpeg 400w, https:\/\/www.maypebus.com\/wp-content\/uploads\/2021\/12\/transfer-girona-airport-600x399.jpeg 600w, https:\/\/www.maypebus.com\/wp-content\/uploads\/2021\/12\/transfer-girona-airport.jpeg 796w\" sizes=\"(max-width: 1024px) 100vw, (max-width: 740px) 100vw, 600px\" \/><\/span><\/div><\/div><style type=\"text\/css\">.fusion-body .fusion-builder-column-2{width:50% !important;margin-top : 0px;margin-bottom : 20px;}.fusion-builder-column-2 > .fusion-column-wrapper {padding-top : 0px !important;padding-right : 0px !important;margin-right : 4.75%;padding-bottom : 0px !important;padding-left : 0px !important;margin-left : 4.75%;}@media only screen and (max-width:1024px) {.fusion-body .fusion-builder-column-2{width:100% !important;order : 0;}.fusion-builder-column-2 > .fusion-column-wrapper {margin-right : 2.375%;margin-left : 2.375%;}}@media only screen and (max-width:740px) {.fusion-body .fusion-builder-column-2{width:100% !important;order : 0;}.fusion-builder-column-2 > .fusion-column-wrapper {margin-right : 2.375%;margin-left : 2.375%;}}<\/style><\/div><\/div><style type=\"text\/css\">.fusion-body .fusion-flex-container.fusion-builder-row-2{ padding-top : 55px;margin-top : 0px;padding-right : 0px;padding-bottom : 55px;margin-bottom : 0px;padding-left : 0px;}<\/style><\/div><div class=\"fusion-fullwidth fullwidth-box fusion-builder-row-3 fusion-flex-container fusion-parallax-none section-banner nonhundred-percent-fullwidth non-hundred-percent-height-scrolling\" style=\"background-color: rgba(255,255,255,0);background-image: url(&quot;https:\/\/www.maypebus.com\/wp-content\/uploads\/2021\/12\/section-banner-image22x.jpg&quot;);background-position: center center;background-repeat: no-repeat;border-width: 0px 0px 0px 0px;border-color:#e2e2e2;border-style:solid;-webkit-background-size:cover;-moz-background-size:cover;-o-background-size:cover;background-size:cover;\" ><div class=\"fusion-builder-row fusion-row fusion-flex-align-items-flex-start\" style=\"max-width:1323px;margin-left: calc(-5% \/ 2 );margin-right: calc(-5% \/ 2 );\"><div class=\"fusion-layout-column fusion_builder_column fusion-builder-column-3 fusion-flex-column\"><div class=\"fusion-column-wrapper fusion-flex-justify-content-flex-start fusion-content-layout-column\" style=\"background-position:left top;background-repeat:no-repeat;-webkit-background-size:cover;-moz-background-size:cover;-o-background-size:cover;background-size:cover;background-color:#ffffff;padding: 26px 40px 44px 40px;\"><style type=\"text\/css\">@media only screen and (max-width:1024px) {.fusion-title.fusion-title-2{margin-top:10px!important; margin-right:0px!important;margin-bottom:15px!important;margin-left:0px!important;}}@media only screen and (max-width:740px) {.fusion-title.fusion-title-2{margin-top:10px!important; margin-right:0px!important;margin-bottom:10px!important; margin-left:0px!important;}}<\/style><div class=\"fusion-title title fusion-title-2 fusion-sep-none fusion-title-text fusion-title-size-one\" style=\"font-size:32px;margin-top:10px;margin-right:0px;margin-bottom:15px;margin-left:0px;\"><h1 class=\"title-heading-left fusion-responsive-typography-calculated\" style=\"margin:0;font-size:1em;--fontSize:32;--minFontSize:32px;line-height:1.3;\"><h3>Vols que el teu viatge sigui exclusiu?<\/h3><\/h1><\/div><div class=\"fusion-separator\" style=\"align-self: center;margin-left: auto;margin-right: auto;margin-bottom:21px;width:100%;max-width:300px;\"><div class=\"fusion-separator-border sep-single sep-solid\" style=\"border-color:#fdb13e;border-top-width:1px;\"><\/div><\/div><div class=\"fusion-text fusion-text-3\" style=\"font-size:15px;line-height:1.56;\"><p>Si vols que el teu viatge sigui m\u00e9s confortable i envoltat d\u2019eleg\u00e0ncia i discreci\u00f3, comptem amb la nostra flota pr\u00e8mium perqu\u00e8 puguis gaudir d\u2019un trajecte de luxe. Aquest servei t\u2019oferir\u00e0 detalls que marquen la difer\u00e8ncia.<\/p>\n<\/div><div ><style>.fusion-button.button-2{border-radius:3px 3px 3px 3px;}<\/style><a class=\"fusion-button button-flat fusion-button-default-size button-default button-2 fusion-button-span-yes fusion-button-default-type\" target=\"_blank\" rel=\"noopener noreferrer\" href=\"https:\/\/costabravaluxurycars.com\/vehiculos\/\"><span class=\"fusion-button-text\">Coneix COSTA BRAVA LUXURY CARS<\/span><\/a><\/div><\/div><style type=\"text\/css\">.fusion-body .fusion-builder-column-3{width:45.8% !important;margin-top : 0px;margin-bottom : 20px;}.fusion-builder-column-3 > .fusion-column-wrapper {padding-top : 26px !important;padding-right : 40px !important;margin-right : 5.1855895196507%;padding-bottom : 44px !important;padding-left : 40px !important;margin-left : 100px;}@media only screen and (max-width:1024px) {.fusion-body .fusion-builder-column-3{width:100% !important;order : 0;}.fusion-builder-column-3 > .fusion-column-wrapper {margin-right : 2.375%;margin-left : 2.375%;}}@media only screen and (max-width:740px) {.fusion-body .fusion-builder-column-3{width:100% !important;order : 0;}.fusion-builder-column-3 > .fusion-column-wrapper {margin-right : 2.375%;margin-left : 2.375%;}}<\/style><\/div><\/div><style type=\"text\/css\">.fusion-body .fusion-flex-container.fusion-builder-row-3{ padding-top : 60px;margin-top : 0px;padding-right : 0px;padding-bottom : 40px;margin-bottom : 0px;padding-left : 0px;}<\/style><\/div><\/p>\n","protected":false},"excerpt":{"rendered":"","protected":false},"author":3,"featured_media":0,"parent":2813,"menu_order":0,"comment_status":"closed","ping_status":"closed","template":"100-width.php","meta":{"footnotes":""},"class_list":["post-2829","page","type-page","status-publish","hentry"],"yoast_head":"<!-- This site is optimized with the Yoast SEO plugin v24.7 - https:\/\/yoast.com\/wordpress\/plugins\/seo\/ -->\n<title>Servei de trasllats - Maype Bus<\/title>\n<meta name=\"description\" content=\"Reserva el teu viatge des de qualsevol aeroport o estaci\u00f3, i tindr\u00e0s un servei puntual i confortable.\" \/>\n<meta name=\"robots\" content=\"index, follow, max-snippet:-1, max-image-preview:large, max-video-preview:-1\" \/>\n<link rel=\"canonical\" href=\"https:\/\/www.maypebus.com\/ca\/serveis\/trasllats\/\" \/>\n<meta property=\"og:locale\" content=\"ca_ES\" \/>\n<meta property=\"og:type\" content=\"article\" \/>\n<meta property=\"og:title\" content=\"Servei de trasllats - Maype Bus\" \/>\n<meta property=\"og:description\" content=\"Reserva el teu viatge des de qualsevol aeroport o estaci\u00f3, i tindr\u00e0s un servei puntual i confortable.\" \/>\n<meta property=\"og:url\" content=\"https:\/\/www.maypebus.com\/ca\/serveis\/trasllats\/\" \/>\n<meta property=\"og:site_name\" content=\"Maype Bus\" \/>\n<meta property=\"article:modified_time\" content=\"2024-07-31T15:14:00+00:00\" \/>\n<meta name=\"twitter:card\" content=\"summary_large_image\" \/>\n<meta name=\"twitter:label1\" content=\"Temps estimat de lectura\" \/>\n\t<meta name=\"twitter:data1\" content=\"4 minuts\" \/>\n<script type=\"application\/ld+json\" class=\"yoast-schema-graph\">{\"@context\":\"https:\/\/schema.org\",\"@graph\":[{\"@type\":\"WebPage\",\"@id\":\"https:\/\/www.maypebus.com\/ca\/serveis\/trasllats\/\",\"url\":\"https:\/\/www.maypebus.com\/ca\/serveis\/trasllats\/\",\"name\":\"Servei de trasllats - Maype Bus\",\"isPartOf\":{\"@id\":\"https:\/\/www.maypebus.com\/ca\/#website\"},\"datePublished\":\"2022-01-29T18:16:02+00:00\",\"dateModified\":\"2024-07-31T15:14:00+00:00\",\"description\":\"Reserva el teu viatge des de qualsevol aeroport o estaci\u00f3, i tindr\u00e0s un servei puntual i confortable.\",\"breadcrumb\":{\"@id\":\"https:\/\/www.maypebus.com\/ca\/serveis\/trasllats\/#breadcrumb\"},\"inLanguage\":\"ca\",\"potentialAction\":[{\"@type\":\"ReadAction\",\"target\":[\"https:\/\/www.maypebus.com\/ca\/serveis\/trasllats\/\"]}]},{\"@type\":\"BreadcrumbList\",\"@id\":\"https:\/\/www.maypebus.com\/ca\/serveis\/trasllats\/#breadcrumb\",\"itemListElement\":[{\"@type\":\"ListItem\",\"position\":1,\"name\":\"Portada\",\"item\":\"https:\/\/www.maypebus.com\/ca\/\"},{\"@type\":\"ListItem\",\"position\":2,\"name\":\"Serveis\",\"item\":\"https:\/\/www.maypebus.com\/ca\/serveis\/\"},{\"@type\":\"ListItem\",\"position\":3,\"name\":\"Trasllats\"}]},{\"@type\":\"WebSite\",\"@id\":\"https:\/\/www.maypebus.com\/ca\/#website\",\"url\":\"https:\/\/www.maypebus.com\/ca\/\",\"name\":\"Maype Bus\",\"description\":\"Servicio de transporte con conductor\",\"publisher\":{\"@id\":\"https:\/\/www.maypebus.com\/ca\/#organization\"},\"potentialAction\":[{\"@type\":\"SearchAction\",\"target\":{\"@type\":\"EntryPoint\",\"urlTemplate\":\"https:\/\/www.maypebus.com\/ca\/?s={search_term_string}\"},\"query-input\":{\"@type\":\"PropertyValueSpecification\",\"valueRequired\":true,\"valueName\":\"search_term_string\"}}],\"inLanguage\":\"ca\"},{\"@type\":\"Organization\",\"@id\":\"https:\/\/www.maypebus.com\/ca\/#organization\",\"name\":\"Maype Bus\",\"url\":\"https:\/\/www.maypebus.com\/ca\/\",\"logo\":{\"@type\":\"ImageObject\",\"inLanguage\":\"ca\",\"@id\":\"https:\/\/www.maypebus.com\/ca\/#\/schema\/logo\/image\/\",\"url\":\"https:\/\/www.maypebus.com\/wp-content\/uploads\/2021\/11\/logo.png\",\"contentUrl\":\"https:\/\/www.maypebus.com\/wp-content\/uploads\/2021\/11\/logo.png\",\"width\":258,\"height\":92,\"caption\":\"Maype Bus\"},\"image\":{\"@id\":\"https:\/\/www.maypebus.com\/ca\/#\/schema\/logo\/image\/\"}}]}<\/script>\n<!-- \/ Yoast SEO plugin. -->","yoast_head_json":{"title":"Servei de trasllats - Maype Bus","description":"Reserva el teu viatge des de qualsevol aeroport o estaci\u00f3, i tindr\u00e0s un servei puntual i confortable.","robots":{"index":"index","follow":"follow","max-snippet":"max-snippet:-1","max-image-preview":"max-image-preview:large","max-video-preview":"max-video-preview:-1"},"canonical":"https:\/\/www.maypebus.com\/ca\/serveis\/trasllats\/","og_locale":"ca_ES","og_type":"article","og_title":"Servei de trasllats - Maype Bus","og_description":"Reserva el teu viatge des de qualsevol aeroport o estaci\u00f3, i tindr\u00e0s un servei puntual i confortable.","og_url":"https:\/\/www.maypebus.com\/ca\/serveis\/trasllats\/","og_site_name":"Maype Bus","article_modified_time":"2024-07-31T15:14:00+00:00","twitter_card":"summary_large_image","twitter_misc":{"Temps estimat de lectura":"4 minuts"},"schema":{"@context":"https:\/\/schema.org","@graph":[{"@type":"WebPage","@id":"https:\/\/www.maypebus.com\/ca\/serveis\/trasllats\/","url":"https:\/\/www.maypebus.com\/ca\/serveis\/trasllats\/","name":"Servei de trasllats - Maype Bus","isPartOf":{"@id":"https:\/\/www.maypebus.com\/ca\/#website"},"datePublished":"2022-01-29T18:16:02+00:00","dateModified":"2024-07-31T15:14:00+00:00","description":"Reserva el teu viatge des de qualsevol aeroport o estaci\u00f3, i tindr\u00e0s un servei puntual i confortable.","breadcrumb":{"@id":"https:\/\/www.maypebus.com\/ca\/serveis\/trasllats\/#breadcrumb"},"inLanguage":"ca","potentialAction":[{"@type":"ReadAction","target":["https:\/\/www.maypebus.com\/ca\/serveis\/trasllats\/"]}]},{"@type":"BreadcrumbList","@id":"https:\/\/www.maypebus.com\/ca\/serveis\/trasllats\/#breadcrumb","itemListElement":[{"@type":"ListItem","position":1,"name":"Portada","item":"https:\/\/www.maypebus.com\/ca\/"},{"@type":"ListItem","position":2,"name":"Serveis","item":"https:\/\/www.maypebus.com\/ca\/serveis\/"},{"@type":"ListItem","position":3,"name":"Trasllats"}]},{"@type":"WebSite","@id":"https:\/\/www.maypebus.com\/ca\/#website","url":"https:\/\/www.maypebus.com\/ca\/","name":"Maype Bus","description":"Servicio de transporte con conductor","publisher":{"@id":"https:\/\/www.maypebus.com\/ca\/#organization"},"potentialAction":[{"@type":"SearchAction","target":{"@type":"EntryPoint","urlTemplate":"https:\/\/www.maypebus.com\/ca\/?s={search_term_string}"},"query-input":{"@type":"PropertyValueSpecification","valueRequired":true,"valueName":"search_term_string"}}],"inLanguage":"ca"},{"@type":"Organization","@id":"https:\/\/www.maypebus.com\/ca\/#organization","name":"Maype Bus","url":"https:\/\/www.maypebus.com\/ca\/","logo":{"@type":"ImageObject","inLanguage":"ca","@id":"https:\/\/www.maypebus.com\/ca\/#\/schema\/logo\/image\/","url":"https:\/\/www.maypebus.com\/wp-content\/uploads\/2021\/11\/logo.png","contentUrl":"https:\/\/www.maypebus.com\/wp-content\/uploads\/2021\/11\/logo.png","width":258,"height":92,"caption":"Maype Bus"},"image":{"@id":"https:\/\/www.maypebus.com\/ca\/#\/schema\/logo\/image\/"}}]}},"_links":{"self":[{"href":"https:\/\/www.maypebus.com\/ca\/wp-json\/wp\/v2\/pages\/2829","targetHints":{"allow":["GET"]}}],"collection":[{"href":"https:\/\/www.maypebus.com\/ca\/wp-json\/wp\/v2\/pages"}],"about":[{"href":"https:\/\/www.maypebus.com\/ca\/wp-json\/wp\/v2\/types\/page"}],"author":[{"embeddable":true,"href":"https:\/\/www.maypebus.com\/ca\/wp-json\/wp\/v2\/users\/3"}],"replies":[{"embeddable":true,"href":"https:\/\/www.maypebus.com\/ca\/wp-json\/wp\/v2\/comments?post=2829"}],"version-history":[{"count":9,"href":"https:\/\/www.maypebus.com\/ca\/wp-json\/wp\/v2\/pages\/2829\/revisions"}],"predecessor-version":[{"id":3121,"href":"https:\/\/www.maypebus.com\/ca\/wp-json\/wp\/v2\/pages\/2829\/revisions\/3121"}],"up":[{"embeddable":true,"href":"https:\/\/www.maypebus.com\/ca\/wp-json\/wp\/v2\/pages\/2813"}],"wp:attachment":[{"href":"https:\/\/www.maypebus.com\/ca\/wp-json\/wp\/v2\/media?parent=2829"}],"curies":[{"name":"wp","href":"https:\/\/api.w.org\/{rel}","templated":true}]}}